{"id":518,"date":"2020-03-25T10:31:24","date_gmt":"2020-03-25T10:31:24","guid":{"rendered":"https:\/\/didepas.org\/?page_id=518"},"modified":"2024-09-16T20:36:09","modified_gmt":"2024-09-16T20:36:09","slug":"clira-childrens-life-in-rural-area","status":"publish","type":"page","link":"https:\/\/didepas.org\/index.php\/global-activities\/clira-childrens-life-in-rural-area\/","title":{"rendered":"CLiRA (Children?s Life in Rural Area)"},"content":{"rendered":"[vc_section full_width=\"stretch_row\" css=\".vc_custom_1584977008757{padding-top: 10px !important;padding-bottom: 15px !important;background-color: #f6f9f8 !important;background-position: center !important;background-repeat: no-repeat !important;background-size: cover !important;}\" el_class=\"page_banner\"][vc_row full_width=\"stretch_row\" css=\".vc_custom_1584720497554{margin-top: 0px !important;margin-bottom: 0px !important;border-bottom-width: 0px !important;padding-top: 0px !important;background-position: 0 0 !important;background-repeat: no-repeat !important;}\"][vc_column width=\"1\/2\" css=\".vc_custom_1584720579935{padding-bottom: 20px !important;}\"][vc_empty_space height=\"30px\"][vc_custom_heading text=\"CLiRA (Children's Life in Rural Area)\" font_container=\"tag:h1|font_size:54px|text_align:center|color:%23000000|line_height:64px\" use_theme_fonts=\"yes\" el_class=\"pb_title\"][vc_btn title=\"VISIT OUR STORE\" shape=\"square\" size=\"lg\" align=\"center\" el_class=\"cs_std_button\" link=\"url:http%3A%2F%2Fwww.shop.com%2Fetnad3||target:%20_blank|\"][\/vc_column][vc_column width=\"1\/2\"][vc_single_image image=\"846\" img_size=\"350x282\" alignment=\"center\" style=\"vc_box_shadow\"][\/vc_column][\/vc_row][\/vc_section][vc_section full_width=\"stretch_row\" css=\".vc_custom_1584787433153{padding-top: 40px !important;}\"][vc_row el_class=\"inner_content\"][vc_column][vc_row_inner][vc_column_inner][vc_column_text]In collaboration with the NGO Children\u2019s Life in Rural Area (C.L.i.RA), Disability Inclusive Development Programs and Services is helping the local population in a number of countries in Africa. Dedicated to spreading awareness about child protection, women\u2019s rights, human rights, health, community development, conflict prevention, and management, DIDEPAS is using their knowledge to create a better environment in the United States for youth, children, girls, and women with disabilities.<\/p>\n<p>A well-established, self-sufficient NGO with plenty of well-trained, available, and experienced manpower, Children\u2019s Life in Rural Area (C.L.i.RA) has come leaps and bounds ahead in creating a friendlier, more acceptable environment for all.<\/p>\n<p>In terms of our vision, Children\u2019s Life in Rural Area (C.L.i.RA) has done its best to encourage the sustainable development of the rural world, especially for displaced people and refugees. By providing them with the support they need, Children\u2019s Life in Rural Area (C.L.i.RA) has helped women and children grow into strong, independent individuals who are flourishing due to their potential and confidence in knowing that, for all their hard work, organizations such as Children\u2019s Life in Rural Area (C.L.i.RA) and DIDEPAS are here to guide them.<\/p>\n<p>In particular, for women and children, youth and girls who have disabilities, both organizations are working to establish a positive, resourceful community culture, through which we can further each other\u2019s ideas and dreams.[\/vc_column_text][\/vc_column_inner][\/vc_row_inner][vc_raw_html]JTNDcCUyMHN0eWxlJTNEJTIydGV4dC1hbGlnbiUzQSUyMGNlbnRlciUzQiUyMiUzRSUzQ2ElMjBjbGFzcyUzRCUyMmNzX3N0ZF9pbmJ0biUyMiUyMGhyZWYlM0QlMjJodHRwcyUzQSUyRiUyRmRpZGVwYXMub3JnJTJGaW5kZXgucGhwJTJGbWFrZS1hLWRvbmF0aW9uJTJGJTIyJTNFRE9OQVRFJTIwTk9XJTNDJTJGYSUzRU9SJTNDYSUyMGNsYXNzJTNEJTIyY3Nfc3RkX2luYnRuJTIyJTIwaHJlZiUzRCUyMmh0dHBzJTNBJTJGJTJGZGlkZXBhcy5vcmclMkZpbmRleC5waHAlMkZnZXQtaW52b2x2ZWQlMkYlMjIlM0VCRSUyMEElMjBQQVJUJTIwT0YlMjBPVVIlMjBURUFNJTNDJTJGYSUzRSUzQyUyRnAlM0U=[\/vc_raw_html][\/vc_column][\/vc_row][vc_row el_class=\"inner_content\"][vc_column][vc_media_grid element_width=\"2\" grid_id=\"vc_gid:1726518940484-85d842ff28d0f4676df0634fd4b9b616-5\" include=\"846,850,848,847,845,849\"][vc_row_inner][vc_column_inner][vc_column_text]Children's Life in Rural Area (CLiRA) est une Organisation non Gouvernementale \u00e0 vocation internationale, cr\u00e9\u00e9e le 19 novembre 2005 \u00e0 Abidjan en C\u00f4te d\u2019Ivoire. Elle intervient dans huit grands domaines d\u2019activit\u00e9s ci-apr\u00e8s :<\/p>\n<ol>\n<li>La Protection (Protection G\u00e9n\u00e9rale, Protection de l\u2019Enfance et des Droits de la Femme)<\/li>\n<li>La Sant\u00e9 (Paludisme, Tuberculose, VIH, Sant\u00e9 Mentale, Soins obst\u00e9tricaux et n\u00e9onataux d\u2019urgence, Soins Palliatifs, Sant\u00e9 de la Reproduction)<\/li>\n<li>L\u2019\u00c9ducation L\u2019Eau<\/li>\n<li>l\u2019Hygi\u00e8ne et l\u2019Assainissement (WASH)<\/li>\n<li>La Nutrition,<\/li>\n<li>La S\u00e9curit\u00e9 Alimentaire Moyens de Subsistance<\/li>\n<li>La Coh\u00e9sion Sociale, Pr\u00e9vention et Gestion de Conflits<\/li>\n<li>Le D\u00e9veloppement Communautaire.<\/li>\n<\/ol>\n<h3>CLiRA a pour Objectifs Sociaux<\/h3>\n<p>1. Prot\u00e9ger et assister les populations en situation d\u2019urgence ou de catastrophe, en accordant une attention particuli\u00e8re \u00e0 la vuln\u00e9rabilit\u00e9 des enfants, des femmes et des filles ainsi que les personnes vivant avec un handicap.<\/p>\n<p>2. Contribuer \u00e0 l\u2019am\u00e9lioration des conditions de vie des enfants et des femmes en situation de vuln\u00e9rabilit\u00e9 ou en passe de l\u2019\u00eatre, dans une perspective de d\u00e9veloppement en p\u00e9riode de paix.<\/p>\n<p>Les principaux B\u00e9n\u00e9ficiaires<\/p>\n<ul>\n<li>Les principaux b\u00e9n\u00e9ficiaires de nos actions sont constitu\u00e9s des enfants (orphelins du fait du VIH\/SIDA et d\u2019autres maladies graves, les personnes handicap\u00e9es, victimes de Traite, de Pires Formes de Travail et de toutes sortes d\u2019abus) et les femmes et les filles en situation de vuln\u00e9rabilit\u00e9 ou en passe de l\u2019\u00eatre,<\/li>\n<li>Les enfants et femmes d\u00e9plac\u00e9s, r\u00e9fugi\u00e9s, les filles m\u00e8res, les mineurs enceintes.<\/li>\n<\/ul>\n[\/vc_column_text][\/vc_column_inner][\/vc_row_inner][\/vc_column][\/vc_row][vc_row el_class=\"inner_content\" css=\".vc_custom_1584787457588{padding-bottom: 30px !important;}\"][vc_column width=\"1\/2\" css=\".vc_custom_1584787322967{padding-top: 50px !important;}\"][vc_column_text]\n<h3 style=\"text-align: center;\">You Can Help Others by Donating and Through Our Fundraisers<\/h3>\n<p style=\"text-align: center;\">Do your part to make it easier for people to live with disabilities and make a contribution toward a better world today!<\/p>\n[\/vc_column_text][vc_raw_html]JTNDcCUyMHN0eWxlJTNEJTIydGV4dC1hbGlnbiUzQSUyMGNlbnRlciUzQiUyMiUzRSUzQ2ElMjBjbGFzcyUzRCUyMmNzX3N0ZF9pbmJ0biUyMiUyMGhyZWYlM0QlMjJodHRwcyUzQSUyRiUyRmRpZGVwYXMub3JnJTJGaW5kZXgucGhwJTJGbWFrZS1hLWRvbmF0aW9uJTJGJTIyJTNFTUFLRSUyMEElMjBET05BVElPTiUzQyUyRmElM0UlM0NhJTIwY2xhc3MlM0QlMjJjc19zdGRfaW5idG4lMjIlMjBocmVmJTNEJTIyaHR0cCUzQSUyRiUyRnd3dy5zaG9wLmNvbSUyRmV0bmFkMyUyMiUzRVZJU0lUJTIwT1VSJTIwU1RPUkUlM0MlMkZhJTNFJTNDJTJGcCUzRQ==[\/vc_raw_html][\/vc_column][vc_column width=\"1\/2\"][vc_single_image image=\"309\" img_size=\"400X368\" alignment=\"center\" style=\"vc_box_shadow\" css=\".vc_custom_1584787337612{padding-top: 50px !important;}\"][\/vc_column][\/vc_row][\/vc_section][vc_section][vc_row full_width=\"stretch_row\" css=\".vc_custom_1584716346532{padding-bottom: 35px !important;background-color: #e3751c !important;}\" el_class=\"home-sec2\"][vc_column][vc_column_text]Sign up to Newsletter[\/vc_column_text]\n<div class=\"wpcf7 no-js\" id=\"wpcf7-f53-o1\" lang=\"en-US\" dir=\"ltr\">\n<div class=\"screen-reader-response\"><p role=\"status\" aria-live=\"polite\" aria-atomic=\"true\"><\/p> <ul><\/ul><\/div>\n<form action=\"\/index.php\/wp-json\/wp\/v2\/pages\/518#wpcf7-f53-o1\" method=\"post\" class=\"wpcf7-form init\" aria-label=\"Contact form\" novalidate=\"novalidate\" data-status=\"init\">\n<div style=\"display: none;\">\n<input type=\"hidden\" name=\"_wpcf7\" value=\"53\" \/>\n<input type=\"hidden\" name=\"_wpcf7_version\" value=\"5.7.4\" \/>\n<input type=\"hidden\" name=\"_wpcf7_locale\" value=\"en_US\" \/>\n<input type=\"hidden\" name=\"_wpcf7_unit_tag\" value=\"wpcf7-f53-o1\" \/>\n<input type=\"hidden\" name=\"_wpcf7_container_post\" value=\"0\" \/>\n<input type=\"hidden\" name=\"_wpcf7_posted_data_hash\" value=\"\" \/>\n<input type=\"hidden\" name=\"_wpcf7_recaptcha_response\" value=\"\" \/>\n<\/div>\n<ul>\n\t<li>\n\t\t<p><span class=\"wpcf7-form-control-wrap\" data-name=\"your-name\"><input size=\"40\" class=\"wpcf7-form-control wpcf7-text wpcf7-validates-as-required\" aria-required=\"true\" aria-invalid=\"false\" placeholder=\"Enter Your Name\" value=\"\" type=\"text\" name=\"your-name\" \/><\/span>\n\t\t<\/p>\n\t<\/li>\n\t<li>\n\t\t<p><span class=\"wpcf7-form-control-wrap\" data-name=\"your-email\"><input size=\"40\" class=\"wpcf7-form-control wpcf7-text wpcf7-email wpcf7-validates-as-required wpcf7-validates-as-email\" aria-required=\"true\" aria-invalid=\"false\" placeholder=\"Enter Email address\" value=\"\" type=\"email\" name=\"your-email\" \/><\/span>\n\t\t<\/p>\n\t<\/li>\n\t<li>\n\t\t<p><input class=\"wpcf7-form-control has-spinner wpcf7-submit\" type=\"submit\" value=\"Subscribe Now\" \/>\n\t\t<\/p>\n\t<\/li>\n<\/ul><div class=\"fusion-alert alert custom alert-custom fusion-alert-center fusion-alert-capitalize alert-dismissable wpcf7-response-output\" style=\"border-width:1px;\"><button style=\"color:;border-color:;\" type=\"button\" class=\"close toggle-alert\" data-dismiss=\"alert\" aria-hidden=\"true\">&times;<\/button><div class=\"fusion-alert-content-wrapper\"><span class=\"fusion-alert-content\"><\/span><\/div><\/div>\n<\/form>\n<\/div>\n[\/vc_column][\/vc_row][\/vc_section]\n","protected":false},"excerpt":{"rendered":"<p>[vc_section full_width=&#8221;stretch_row&#8221; css=&#8221;.vc_custom_1584977008757{padding-top: 10px !important;padding-bottom: 15px !important;background-color: #f6f9f8 !important;background-position: center [&hellip;]<\/p>\n","protected":false},"author":1,"featured_media":0,"parent":26,"menu_order":0,"comment_status":"closed","ping_status":"closed","template":"","meta":{"_seopress_robots_primary_cat":""},"_links":{"self":[{"href":"https:\/\/didepas.org\/index.php\/wp-json\/wp\/v2\/pages\/518"}],"collection":[{"href":"https:\/\/didepas.org\/index.php\/wp-json\/wp\/v2\/pages"}],"about":[{"href":"https:\/\/didepas.org\/index.php\/wp-json\/wp\/v2\/types\/page"}],"author":[{"embeddable":true,"href":"https:\/\/didepas.org\/index.php\/wp-json\/wp\/v2\/users\/1"}],"replies":[{"embeddable":true,"href":"https:\/\/didepas.org\/index.php\/wp-json\/wp\/v2\/comments?post=518"}],"version-history":[{"count":4,"href":"https:\/\/didepas.org\/index.php\/wp-json\/wp\/v2\/pages\/518\/revisions"}],"predecessor-version":[{"id":1775,"href":"https:\/\/didepas.org\/index.php\/wp-json\/wp\/v2\/pages\/518\/revisions\/1775"}],"up":[{"embeddable":true,"href":"https:\/\/didepas.org\/index.php\/wp-json\/wp\/v2\/pages\/26"}],"wp:attachment":[{"href":"https:\/\/didepas.org\/index.php\/wp-json\/wp\/v2\/media?parent=518"}],"curies":[{"name":"wp","href":"https:\/\/api.w.org\/{rel}","templated":true}]}}