{"id":572,"date":"2020-03-25T14:13:10","date_gmt":"2020-03-25T14:13:10","guid":{"rendered":"https:\/\/didepas.org\/?page_id=572"},"modified":"2023-07-26T20:03:09","modified_gmt":"2023-07-26T20:03:09","slug":"bides","status":"publish","type":"page","link":"https:\/\/didepas.org\/index.php\/global-activities\/bides\/","title":{"rendered":"BIDES"},"content":{"rendered":"[vc_section full_width=\"stretch_row\" css=\".vc_custom_1584977008757{padding-top: 10px !important;padding-bottom: 15px !important;background-color: #f6f9f8 !important;background-position: center !important;background-repeat: no-repeat !important;background-size: cover !important;}\" el_class=\"page_banner\"][vc_row full_width=\"stretch_row\" css=\".vc_custom_1584720497554{margin-top: 0px !important;margin-bottom: 0px !important;border-bottom-width: 0px !important;padding-top: 0px !important;background-position: 0 0 !important;background-repeat: no-repeat !important;}\"][vc_column css=\".vc_custom_1584720579935{padding-bottom: 20px !important;}\"][vc_single_image image=\"574\" img_size=\"full\" alignment=\"center\" style=\"vc_box_shadow\"][\/vc_column][\/vc_row][\/vc_section][vc_section full_width=\"stretch_row\" css=\".vc_custom_1584787433153{padding-top: 40px !important;}\"][vc_row el_class=\"inner_content\"][vc_column][vc_single_image image=\"1459\" img_size=\"medium\" alignment=\"center\"][vc_custom_heading text=\"Bureau International de D\u00e9veloppement Economique et Social (BIDES)\" font_container=\"tag:h1|font_size:32px|text_align:center|color:%23000000|line_height:48px\" use_theme_fonts=\"yes\" el_class=\"pb_title\"][vc_column_text]\n<p class=\"MsoNormal\" style=\"margin-bottom: 0in; line-height: normal;\"><span lang=\"FR\">Le BIDES est une organisation non gouvernementale de d\u00e9veloppement, sp\u00e9cialis\u00e9e en recherche de financement, \u00e0 caract\u00e8re institutionnel et international ayant pour objectif de : <\/span><\/p>\n<p><span lang=\"FR\" style=\"font-family: 'Century Gothic',sans-serif; mso-fareast-font-family: 'Century Gothic'; mso-bidi-font-family: 'Century Gothic'; mso-ansi-language: FR;\"><span style=\"font-variant-numeric: normal; font-variant-east-asian: normal; font-variant-alternates: normal; font-kerning: auto; font-optical-sizing: auto; font-feature-settings: normal; font-variation-settings: normal; font-stretch: normal; font-size: 7pt; line-height: normal; font-family: 'Times New Roman';\">\u00a0<\/span><\/span><span lang=\"FR\">Participer \u00e0 l\u2019ex\u00e9cution du Programme National de D\u00e9veloppement (PND)\u00a0des pays membres dans le domaine des Objectifs du D\u00e9veloppement Durable (ODD);<\/span><\/p>\n<p class=\"MsoListParagraphCxSpMiddle\" style=\"margin-bottom: 0in; mso-add-space: auto; text-align: justify; text-indent: -.25in; line-height: normal; mso-list: l0 level1 lfo1;\"><!-- [if !supportLists]--><span lang=\"FR\" style=\"font-family: 'Century Gothic',sans-serif; mso-fareast-font-family: 'Century Gothic'; mso-bidi-font-family: 'Century Gothic'; mso-ansi-language: FR;\">-<span style=\"font-variant-numeric: normal; font-variant-east-asian: normal; font-variant-alternates: normal; font-kerning: auto; font-optical-sizing: auto; font-feature-settings: normal; font-variation-settings: normal; font-stretch: normal; font-size: 7pt; line-height: normal; font-family: 'Times New Roman';\">\u00a0\u00a0\u00a0\u00a0\u00a0\u00a0\u00a0 <\/span><\/span><!--[endif]--><span lang=\"FR\">Soutenir et appuyer des activit\u00e9s de d\u00e9veloppement communautaires\u00a0;<\/span><\/p>\n<p class=\"MsoListParagraphCxSpMiddle\" style=\"margin-bottom: 0in; mso-add-space: auto; text-align: justify; text-indent: -.25in; line-height: normal; mso-list: l0 level1 lfo1;\"><!-- [if !supportLists]--><span lang=\"FR\" style=\"font-family: 'Century Gothic',sans-serif; mso-fareast-font-family: 'Century Gothic'; mso-bidi-font-family: 'Century Gothic'; mso-ansi-language: FR;\">-<span style=\"font-variant-numeric: normal; font-variant-east-asian: normal; font-variant-alternates: normal; font-kerning: auto; font-optical-sizing: auto; font-feature-settings: normal; font-variation-settings: normal; font-stretch: normal; font-size: 7pt; line-height: normal; font-family: 'Times New Roman';\">\u00a0\u00a0\u00a0\u00a0\u00a0\u00a0\u00a0 <\/span><\/span><!--[endif]--><span lang=\"FR\">Contribuer au financement des projets\u00a0publics ou priv\u00e9s;<\/span><\/p>\n<p class=\"MsoListParagraphCxSpMiddle\" style=\"margin-bottom: 0in; mso-add-space: auto; text-align: justify; text-indent: -.25in; line-height: normal; mso-list: l0 level1 lfo1;\"><!-- [if !supportLists]--><span lang=\"FR\" style=\"font-family: 'Century Gothic',sans-serif; mso-fareast-font-family: 'Century Gothic'; mso-bidi-font-family: 'Century Gothic'; mso-ansi-language: FR;\">-<span style=\"font-variant-numeric: normal; font-variant-east-asian: normal; font-variant-alternates: normal; font-kerning: auto; font-optical-sizing: auto; font-feature-settings: normal; font-variation-settings: normal; font-stretch: normal; font-size: 7pt; line-height: normal; font-family: 'Times New Roman';\">\u00a0\u00a0\u00a0\u00a0\u00a0\u00a0\u00a0 <\/span><\/span><!--[endif]--><span lang=\"FR\">Promouvoir le d\u00e9veloppement durable et l\u2019\u00e9conomie verte\u00a0;<\/span><\/p>\n<p class=\"MsoListParagraphCxSpMiddle\" style=\"margin-bottom: 0in; mso-add-space: auto; text-indent: -.25in; line-height: normal; mso-list: l0 level1 lfo1;\"><!-- [if !supportLists]--><span lang=\"FR\" style=\"font-family: 'Century Gothic',sans-serif; mso-fareast-font-family: 'Century Gothic'; mso-bidi-font-family: 'Century Gothic'; mso-ansi-language: FR;\">-<span style=\"font-variant-numeric: normal; font-variant-east-asian: normal; font-variant-alternates: normal; font-kerning: auto; font-optical-sizing: auto; font-feature-settings: normal; font-variation-settings: normal; font-stretch: normal; font-size: 7pt; line-height: normal; font-family: 'Times New Roman';\">\u00a0\u00a0\u00a0\u00a0\u00a0\u00a0\u00a0 <\/span><\/span><!--[endif]--><span lang=\"FR\">Promouvoir des activit\u00e9s de d\u00e9veloppement social et \u00e9conomique et de gouvernance qui favorisent l'autonomie de ses membres\u00a0;<\/span><\/p>\n<p class=\"MsoListParagraphCxSpMiddle\" style=\"margin-bottom: 0in; mso-add-space: auto; text-indent: -.25in; line-height: normal; mso-list: l0 level1 lfo1;\"><!-- [if !supportLists]--><span lang=\"FR\" style=\"font-family: 'Century Gothic',sans-serif; mso-fareast-font-family: 'Century Gothic'; mso-bidi-font-family: 'Century Gothic'; mso-ansi-language: FR;\">-<span style=\"font-variant-numeric: normal; font-variant-east-asian: normal; font-variant-alternates: normal; font-kerning: auto; font-optical-sizing: auto; font-feature-settings: normal; font-variation-settings: normal; font-stretch: normal; font-size: 7pt; line-height: normal; font-family: 'Times New Roman';\">\u00a0\u00a0\u00a0\u00a0\u00a0\u00a0\u00a0 <\/span><\/span><!--[endif]--><span lang=\"FR\">Aborder les questions de femmes, des filles, des adolescentes, et du genre\u00a0;<\/span><\/p>\n<p class=\"MsoListParagraphCxSpMiddle\" style=\"margin-bottom: 0in; mso-add-space: auto; text-indent: -.25in; line-height: normal; mso-list: l0 level1 lfo1;\"><!-- [if !supportLists]--><span lang=\"FR\" style=\"font-family: 'Century Gothic',sans-serif; mso-fareast-font-family: 'Century Gothic'; mso-bidi-font-family: 'Century Gothic'; mso-ansi-language: FR;\">-<span style=\"font-variant-numeric: normal; font-variant-east-asian: normal; font-variant-alternates: normal; font-kerning: auto; font-optical-sizing: auto; font-feature-settings: normal; font-variation-settings: normal; font-stretch: normal; font-size: 7pt; line-height: normal; font-family: 'Times New Roman';\">\u00a0\u00a0\u00a0\u00a0\u00a0\u00a0\u00a0 <\/span><\/span><!--[endif]--><span lang=\"FR\">Promouvoir l'inclusion des personnes handicap\u00e9es\u00a0;<\/span><\/p>\n<p class=\"MsoListParagraphCxSpMiddle\" style=\"margin-bottom: 0in; mso-add-space: auto; text-indent: -.25in; line-height: normal; mso-list: l0 level1 lfo1;\"><!-- [if !supportLists]--><span lang=\"FR\" style=\"font-family: 'Century Gothic',sans-serif; mso-fareast-font-family: 'Century Gothic'; mso-bidi-font-family: 'Century Gothic'; mso-ansi-language: FR;\">-<span style=\"font-variant-numeric: normal; font-variant-east-asian: normal; font-variant-alternates: normal; font-kerning: auto; font-optical-sizing: auto; font-feature-settings: normal; font-variation-settings: normal; font-stretch: normal; font-size: 7pt; line-height: normal; font-family: 'Times New Roman';\">\u00a0\u00a0\u00a0\u00a0\u00a0\u00a0\u00a0 <\/span><\/span><!--[endif]--><span lang=\"FR\">Lutter contre la pauvret\u00e9 sous toutes ses formes et favoriser le d\u00e9veloppement de la personne humaine en zone rurale et urbaine\u00a0;<\/span><\/p>\n<p class=\"MsoListParagraphCxSpMiddle\" style=\"margin-bottom: 0in; mso-add-space: auto; text-indent: -.25in; line-height: normal; mso-list: l0 level1 lfo1;\"><!-- [if !supportLists]--><span lang=\"FR\" style=\"font-family: 'Century Gothic',sans-serif; mso-fareast-font-family: 'Century Gothic'; mso-bidi-font-family: 'Century Gothic'; mso-ansi-language: FR;\">-<span style=\"font-variant-numeric: normal; font-variant-east-asian: normal; font-variant-alternates: normal; font-kerning: auto; font-optical-sizing: auto; font-feature-settings: normal; font-variation-settings: normal; font-stretch: normal; font-size: 7pt; line-height: normal; font-family: 'Times New Roman';\">\u00a0\u00a0\u00a0\u00a0\u00a0\u00a0\u00a0 <\/span><\/span><!--[endif]--><span lang=\"FR\">Initier des projets de d\u00e9veloppement et cr\u00e9er des infrastructures \u00e9ducatives destin\u00e9es aux populations d\u00e9favoris\u00e9es\u00a0;<\/span><\/p>\n<p class=\"MsoListParagraphCxSpMiddle\" style=\"margin-bottom: 0in; mso-add-space: auto; text-indent: -.25in; line-height: normal; mso-list: l0 level1 lfo1;\"><!-- [if !supportLists]--><span lang=\"FR\" style=\"font-family: 'Century Gothic',sans-serif; mso-fareast-font-family: 'Century Gothic'; mso-bidi-font-family: 'Century Gothic'; mso-ansi-language: FR;\">-<span style=\"font-variant-numeric: normal; font-variant-east-asian: normal; font-variant-alternates: normal; font-kerning: auto; font-optical-sizing: auto; font-feature-settings: normal; font-variation-settings: normal; font-stretch: normal; font-size: 7pt; line-height: normal; font-family: 'Times New Roman';\">\u00a0\u00a0\u00a0\u00a0\u00a0\u00a0\u00a0 <\/span><\/span><!--[endif]--><span lang=\"FR\">Promouvoir l'emploi et la cr\u00e9ation d'emplois\u00a0; <\/span><\/p>\n<p class=\"MsoListParagraphCxSpMiddle\" style=\"margin-bottom: 0in; mso-add-space: auto; text-align: justify; text-indent: -.25in; line-height: normal; mso-list: l0 level1 lfo1;\"><!-- [if !supportLists]--><span lang=\"FR\" style=\"font-family: 'Century Gothic',sans-serif; mso-fareast-font-family: 'Century Gothic'; mso-bidi-font-family: 'Century Gothic'; mso-ansi-language: FR;\">-<span style=\"font-variant-numeric: normal; font-variant-east-asian: normal; font-variant-alternates: normal; font-kerning: auto; font-optical-sizing: auto; font-feature-settings: normal; font-variation-settings: normal; font-stretch: normal; font-size: 7pt; line-height: normal; font-family: 'Times New Roman';\">\u00a0\u00a0\u00a0\u00a0\u00a0\u00a0\u00a0 <\/span><\/span><!--[endif]--><span lang=\"FR\">Soutenir toute action visant le d\u00e9veloppement des activit\u00e9s agricoles\u00a0et la reforestation\u00a0;<\/span><\/p>\n<p class=\"MsoListParagraphCxSpLast\" style=\"margin-bottom: 0in; mso-add-space: auto; text-align: justify; text-indent: -.25in; line-height: normal; mso-list: l0 level1 lfo1;\"><!-- [if !supportLists]--><span lang=\"FR\" style=\"font-family: 'Century Gothic',sans-serif; mso-fareast-font-family: 'Century Gothic'; mso-bidi-font-family: 'Century Gothic'; mso-ansi-language: FR;\">-<span style=\"font-variant-numeric: normal; font-variant-east-asian: normal; font-variant-alternates: normal; font-kerning: auto; font-optical-sizing: auto; font-feature-settings: normal; font-variation-settings: normal; font-stretch: normal; font-size: 7pt; line-height: normal; font-family: 'Times New Roman';\">\u00a0\u00a0\u00a0\u00a0\u00a0\u00a0\u00a0 <\/span><\/span><!--[endif]--><span lang=\"FR\">Mobiliser des capitaux aupr\u00e8s des donateurs (personnes physiques, Fondations, Institutions, etc.) afin de les allouer \u00e0 la r\u00e9alisation des diff\u00e9rents projets.<\/span><\/p>\n<p>&nbsp;<\/p>\n<p class=\"MsoNormal\"><span lang=\"FR\">Le BIDES jouit de la personnalit\u00e9 juridique sur le territoire de la C\u00f4te d\u2019Ivoire et peut, \u00e0 ce titre, organiser librement sa repr\u00e9sentation. Sous r\u00e9serve des lois de la C\u00f4te d\u2019Ivoire en vigueur et de l\u2019obtention des autorisations n\u00e9cessaires, le BIDES peut acqu\u00e9rir et ali\u00e9ner tout bien mobilier ou immobilier et pr\u00e9tendre en cas d\u2019expropriation, pour cause d\u2019utilit\u00e9 publique, \u00e0 compensation juste et \u00e9quitable.<\/span><\/p>\n[\/vc_column_text][vc_raw_html]JTNDcCUyMHN0eWxlJTNEJTIydGV4dC1hbGlnbiUzQSUyMGNlbnRlciUzQiUyMiUzRSUzQ2ElMjBjbGFzcyUzRCUyMmNzX3N0ZF9pbmJ0biUyMiUyMGhyZWYlM0QlMjJodHRwcyUzQSUyRiUyRmRpZGVwYXMub3JnJTJGaW5kZXgucGhwJTJGbWFrZS1hLWRvbmF0aW9uJTJGJTIyJTNFRE9OQVRFJTIwTk9XJTNDJTJGYSUzRU9SJTNDYSUyMGNsYXNzJTNEJTIyY3Nfc3RkX2luYnRuJTIyJTIwaHJlZiUzRCUyMmh0dHBzJTNBJTJGJTJGZGlkZXBhcy5vcmclMkZpbmRleC5waHAlMkZnZXQtaW52b2x2ZWQlMkYlMjIlM0VCRSUyMEElMjBQQVJUJTIwT0YlMjBPVVIlMjBURUFNJTNDJTJGYSUzRSUzQyUyRnAlM0U=[\/vc_raw_html][\/vc_column][\/vc_row][vc_row el_class=\"inner_content\" css=\".vc_custom_1584787457588{padding-bottom: 30px !important;}\"][vc_column width=\"1\/2\" css=\".vc_custom_1584787322967{padding-top: 50px !important;}\"][vc_column_text]\n<h3 style=\"text-align: center;\">You Can Help Others by Donating and Through Our Fundraisers<\/h3>\n<p style=\"text-align: center;\">Do your part to make it easier for people to live with disabilities and make a contribution toward a better world today!<\/p>\n[\/vc_column_text][vc_raw_html]JTNDcCUyMHN0eWxlJTNEJTIydGV4dC1hbGlnbiUzQSUyMGNlbnRlciUzQiUyMiUzRSUzQ2ElMjBjbGFzcyUzRCUyMmNzX3N0ZF9pbmJ0biUyMiUyMGhyZWYlM0QlMjJodHRwcyUzQSUyRiUyRmRpZGVwYXMub3JnJTJGaW5kZXgucGhwJTJGbWFrZS1hLWRvbmF0aW9uJTJGJTIyJTNFTUFLRSUyMEElMjBET05BVElPTiUzQyUyRmElM0UlM0NhJTIwY2xhc3MlM0QlMjJjc19zdGRfaW5idG4lMjIlMjBocmVmJTNEJTIyaHR0cCUzQSUyRiUyRnd3dy5zaG9wLmNvbSUyRmV0bmFkMyUyMiUzRVZJU0lUJTIwT1VSJTIwU1RPUkUlM0MlMkZhJTNFJTNDJTJGcCUzRQ==[\/vc_raw_html][\/vc_column][vc_column width=\"1\/2\"][vc_single_image image=\"309\" img_size=\"400X368\" alignment=\"center\" style=\"vc_box_shadow\" css=\".vc_custom_1584787337612{padding-top: 50px !important;}\"][\/vc_column][\/vc_row][\/vc_section][vc_section][vc_row full_width=\"stretch_row\" css=\".vc_custom_1584716346532{padding-bottom: 35px !important;background-color: #e3751c !important;}\" el_class=\"home-sec2\"][vc_column][vc_column_text]Sign up to Newsletter[\/vc_column_text]\n<div class=\"wpcf7 no-js\" id=\"wpcf7-f53-o1\" lang=\"en-US\" dir=\"ltr\">\n<div class=\"screen-reader-response\"><p role=\"status\" aria-live=\"polite\" aria-atomic=\"true\"><\/p> <ul><\/ul><\/div>\n<form action=\"\/index.php\/wp-json\/wp\/v2\/pages\/572#wpcf7-f53-o1\" method=\"post\" class=\"wpcf7-form init\" aria-label=\"Contact form\" novalidate=\"novalidate\" data-status=\"init\">\n<div style=\"display: none;\">\n<input type=\"hidden\" name=\"_wpcf7\" value=\"53\" \/>\n<input type=\"hidden\" name=\"_wpcf7_version\" value=\"5.7.4\" \/>\n<input type=\"hidden\" name=\"_wpcf7_locale\" value=\"en_US\" \/>\n<input type=\"hidden\" name=\"_wpcf7_unit_tag\" value=\"wpcf7-f53-o1\" \/>\n<input type=\"hidden\" name=\"_wpcf7_container_post\" value=\"0\" \/>\n<input type=\"hidden\" name=\"_wpcf7_posted_data_hash\" value=\"\" \/>\n<input type=\"hidden\" name=\"_wpcf7_recaptcha_response\" value=\"\" \/>\n<\/div>\n<ul>\n\t<li>\n\t\t<p><span class=\"wpcf7-form-control-wrap\" data-name=\"your-name\"><input size=\"40\" class=\"wpcf7-form-control wpcf7-text wpcf7-validates-as-required\" aria-required=\"true\" aria-invalid=\"false\" placeholder=\"Enter Your Name\" value=\"\" type=\"text\" name=\"your-name\" \/><\/span>\n\t\t<\/p>\n\t<\/li>\n\t<li>\n\t\t<p><span class=\"wpcf7-form-control-wrap\" data-name=\"your-email\"><input size=\"40\" class=\"wpcf7-form-control wpcf7-text wpcf7-email wpcf7-validates-as-required wpcf7-validates-as-email\" aria-required=\"true\" aria-invalid=\"false\" placeholder=\"Enter Email address\" value=\"\" type=\"email\" name=\"your-email\" \/><\/span>\n\t\t<\/p>\n\t<\/li>\n\t<li>\n\t\t<p><input class=\"wpcf7-form-control has-spinner wpcf7-submit\" type=\"submit\" value=\"Subscribe Now\" \/>\n\t\t<\/p>\n\t<\/li>\n<\/ul><div class=\"fusion-alert alert custom alert-custom fusion-alert-center fusion-alert-capitalize alert-dismissable wpcf7-response-output\" style=\"border-width:1px;\"><button style=\"color:;border-color:;\" type=\"button\" class=\"close toggle-alert\" data-dismiss=\"alert\" aria-hidden=\"true\">&times;<\/button><div class=\"fusion-alert-content-wrapper\"><span class=\"fusion-alert-content\"><\/span><\/div><\/div>\n<\/form>\n<\/div>\n[\/vc_column][\/vc_row][\/vc_section]\n","protected":false},"excerpt":{"rendered":"<p>[vc_section full_width=&#8221;stretch_row&#8221; css=&#8221;.vc_custom_1584977008757{padding-top: 10px !important;padding-bottom: 15px !important;background-color: #f6f9f8 !important;background-position: center [&hellip;]<\/p>\n","protected":false},"author":1,"featured_media":0,"parent":26,"menu_order":0,"comment_status":"closed","ping_status":"closed","template":"","meta":{"_seopress_robots_primary_cat":""},"_links":{"self":[{"href":"https:\/\/didepas.org\/index.php\/wp-json\/wp\/v2\/pages\/572"}],"collection":[{"href":"https:\/\/didepas.org\/index.php\/wp-json\/wp\/v2\/pages"}],"about":[{"href":"https:\/\/didepas.org\/index.php\/wp-json\/wp\/v2\/types\/page"}],"author":[{"embeddable":true,"href":"https:\/\/didepas.org\/index.php\/wp-json\/wp\/v2\/users\/1"}],"replies":[{"embeddable":true,"href":"https:\/\/didepas.org\/index.php\/wp-json\/wp\/v2\/comments?post=572"}],"version-history":[{"count":2,"href":"https:\/\/didepas.org\/index.php\/wp-json\/wp\/v2\/pages\/572\/revisions"}],"predecessor-version":[{"id":1460,"href":"https:\/\/didepas.org\/index.php\/wp-json\/wp\/v2\/pages\/572\/revisions\/1460"}],"up":[{"embeddable":true,"href":"https:\/\/didepas.org\/index.php\/wp-json\/wp\/v2\/pages\/26"}],"wp:attachment":[{"href":"https:\/\/didepas.org\/index.php\/wp-json\/wp\/v2\/media?parent=572"}],"curies":[{"name":"wp","href":"https:\/\/api.w.org\/{rel}","templated":true}]}}